{"id":132,"date":"2022-03-14T01:37:02","date_gmt":"2022-03-14T00:37:02","guid":{"rendered":"http:\/\/www.crajepidf.org\/?page_id=132"},"modified":"2022-05-18T18:19:57","modified_gmt":"2022-05-18T16:19:57","slug":"on-le-dit-on-lecrit","status":"publish","type":"page","link":"https:\/\/www.crajepidf.org\/index.php\/on-le-dit-on-lecrit\/","title":{"rendered":"On le dit, on l&rsquo;\u00e9crit"},"content":{"rendered":"\n<p class=\"has-accent-color has-text-color has-background\" style=\"background-color:#edea2b\"><strong>La CRAJEP prends des positions sur les sujets qui la concerne : vie associative, jeunesse, \u00e9ducation populaire, d\u00e9mocratie, environnement, animation etc. A ce titre, elle publie des plaidoyers, textes politiques et relais ceux des r\u00e9seaux dont elle est proche.<\/strong> <\/p>\n\n\n\n<div class=\"wp-block-buttons is-layout-flex wp-block-buttons-is-layout-flex\">\n<div class=\"wp-block-button has-custom-width wp-block-button__width-100\"><a class=\"wp-block-button__link\" href=\"http:\/\/www.crajepidf.org\/index.php\/category\/plaidoyers-ecrits\/\">Bonnes lectures sur ce lien<\/a><\/div>\n<\/div>\n\n\n\n<p><\/p>\n","protected":false},"excerpt":{"rendered":"<p>La CRAJEP prends des positions sur les sujets qui la concerne : vie associative, jeunesse, \u00e9ducation populaire, d\u00e9mocratie, environnement, animation etc. A ce titre, elle publie des plaidoyers, textes politiques et relais ceux des r\u00e9seaux dont elle est proche.<\/p>\n","protected":false},"author":1,"featured_media":0,"parent":0,"menu_order":0,"comment_status":"closed","ping_status":"closed","template":"","meta":{"footnotes":""},"class_list":["post-132","page","type-page","status-publish","hentry"],"_links":{"self":[{"href":"https:\/\/www.crajepidf.org\/index.php\/wp-json\/wp\/v2\/pages\/132"}],"collection":[{"href":"https:\/\/www.crajepidf.org\/index.php\/wp-json\/wp\/v2\/pages"}],"about":[{"href":"https:\/\/www.crajepidf.org\/index.php\/wp-json\/wp\/v2\/types\/page"}],"author":[{"embeddable":true,"href":"https:\/\/www.crajepidf.org\/index.php\/wp-json\/wp\/v2\/users\/1"}],"replies":[{"embeddable":true,"href":"https:\/\/www.crajepidf.org\/index.php\/wp-json\/wp\/v2\/comments?post=132"}],"version-history":[{"count":3,"href":"https:\/\/www.crajepidf.org\/index.php\/wp-json\/wp\/v2\/pages\/132\/revisions"}],"predecessor-version":[{"id":202,"href":"https:\/\/www.crajepidf.org\/index.php\/wp-json\/wp\/v2\/pages\/132\/revisions\/202"}],"wp:attachment":[{"href":"https:\/\/www.crajepidf.org\/index.php\/wp-json\/wp\/v2\/media?parent=132"}],"curies":[{"name":"wp","href":"https:\/\/api.w.org\/{rel}","templated":true}]}}